{"id":13545,"date":"2023-08-14T08:37:31","date_gmt":"2023-08-14T08:37:31","guid":{"rendered":"https:\/\/kazada.me\/?page_id=13545"},"modified":"2023-08-15T18:26:53","modified_gmt":"2023-08-15T18:26:53","slug":"butiga-wine-deli","status":"publish","type":"page","link":"https:\/\/ladovina.me\/index.php\/butiga-wine-deli\/","title":{"rendered":"BUTIGA wine &#038; deli"},"content":{"rendered":"<style type=\"text\/css\"> \n#cmsms_row_69e049872958d3_00402767 .cmsms_row_outer_parent { \n\tpadding-top: 0px; \n} \n\n#cmsms_row_69e049872958d3_00402767 .cmsms_row_outer_parent { \n\tpadding-bottom: 50px; \n} \n\n \n#cmsms_divider_69e049872966c1_22215600 { \n\tborder-bottom-width:1px; \n\tborder-bottom-style:solid; \n\tpadding-top:100px; \n\tmargin-bottom:50px; \n} \n\r\n\t\t\t\t#cmsms_gallery_69e04987297f57_85264929 .cmsms_gallery {\r\n\t\t\t\t\tmargin:0 0 0 -10px;\r\n\t\t\t\t}\r\n\t\t\t\t\r\n\t\t\t\t#cmsms_gallery_69e04987297f57_85264929 .cmsms_gallery .cmsms_gallery_item {\r\n\t\t\t\t\tpadding:0 0 10px 10px;\r\n\t\t\t\t}\r\n\t\t\t \n#cmsms_row_69e049872c2f82_27194746 .cmsms_row_outer_parent { \n\tpadding-top: 0px; \n} \n\n#cmsms_row_69e049872c2f82_27194746 .cmsms_row_outer_parent { \n\tpadding-bottom: 50px; \n} \n\n \n#cmsms_row_69e049872c3fa6_99949848 .cmsms_row_outer_parent { \n\tpadding-top: 0px; \n} \n\n#cmsms_row_69e049872c3fa6_99949848 .cmsms_row_outer_parent { \n\tpadding-bottom: 50px; \n} \n\n \n#cmsms_row_69e049872d23e7_48847513 { \n\tbackground-color:#a8cbab;\n} \n\n#cmsms_row_69e049872d23e7_48847513 .cmsms_row_outer_parent { \n\tpadding-top: 20px; \n} \n\n#cmsms_row_69e049872d23e7_48847513 .cmsms_row_outer_parent { \n\tpadding-bottom: 70px; \n} \n\n \n#cmsms_heading_69e049872e7644_35407551 { \n\ttext-align:center; \n\tmargin-top:60px; \n\tmargin-bottom:20px; \n} \n\n#cmsms_heading_69e049872e7644_35407551 .cmsms_heading { \n\ttext-align:center; \n} \n\n#cmsms_heading_69e049872e7644_35407551 .cmsms_heading, #cmsms_heading_69e049872e7644_35407551 .cmsms_heading a { \n\tfont-family:'Droid Serif'; \n\tfont-size:80px; \n\tline-height:80px; \n\tfont-weight:normal; \n\tfont-style:normal; \n\tcolor:#ffffff;\n} \n\n#cmsms_heading_69e049872e7644_35407551 .cmsms_heading_divider { \n} \n\n@media (max-width: 767px) {\n\n#cmsms_heading_69e049872e7644_35407551 .cmsms_heading, #cmsms_heading_69e049872e7644_35407551 .cmsms_heading a { \n\tfont-size:80px; \n\tline-height:84px; \n} \n\n} \n\n<\/style><div id=\"cmsms_row_69e049872958d3_00402767\" class=\"cmsms_row cmsms_color_scheme_default\">\n<div class=\"cmsms_row_outer_parent\">\n<div class=\"cmsms_row_outer\">\n<div class=\"cmsms_row_inner\">\n<div class=\"cmsms_row_margin\">\n<div class=\"cmsms_column one_first\">\n\n<div id=\"cmsms_divider_69e049872966c1_22215600\" class=\"cmsms_divider cmsms_divider_width_long cmsms_divider_pos_center\"><\/div>\n<div class=\"cmsms_text\">\n<p style=\"text-align: center;\"><span style=\"font-size: 11pt; line-height: 20pt;\">Dobrodo\u0161li u BUTIGA wine &amp; deli, mjesto u centru Kotora gdje mo\u017eete da probate ili kupite premium vina i delikatese iz Crne Gore, regiona i svijeta. Tu smo da vas do\u010dekamo i da zajedno sa vama prodjemo kroz sve ukuse i tanine da bi vam pomogli da izaberete najbolje i u\u017eivate u vinima sa va\u0161im najmilijima, da iznenadite koga volite ili poklonite poslovnim partnerima. Imamo bogatu ponudu pa\u017eljivo odabranih vina iz crnogorskih boutique vinarija do poznatih regionalnih i svjetskih vina i organskih proizvoda i delikatesa. Rezervi\u0161ite va\u0161e mjesto na broj <b>+382 32 329 299 <\/b> ili nas posjetite na na\u0161u adresu <b>Put prvoborca bb Kotor<\/b> <\/span><\/p>\n<\/div>\n<\/div>\n<div class=\"cmsms_column one_first\">\n<div id=\"cmsms_gallery_69e04987297f57_85264929\" class=\"cmsms_gallery_wrap\"><ul class=\"cmsms_gallery cmsms_4 cmsms_more_items_loader\"><li class=\"cmsms_gallery_item\"><figure><a href=\"https:\/\/ladovina.me\/wp-content\/uploads\/2023\/08\/image8-rotated.jpeg\" rel=\"ilightbox[69e04987297f57_85264929]\"><img loading=\"lazy\" decoding=\"async\" width=\"480\" height=\"640\" src=\"https:\/\/ladovina.me\/wp-content\/uploads\/2023\/08\/image8-rotated.jpeg\" class=\"attachment-full size-full\" alt=\"\" \/><\/a><\/figure><\/li><li class=\"cmsms_gallery_item\"><figure><a href=\"https:\/\/ladovina.me\/wp-content\/uploads\/2023\/08\/image6.jpeg\" rel=\"ilightbox[69e04987297f57_85264929]\"><img loading=\"lazy\" decoding=\"async\" width=\"480\" height=\"640\" src=\"https:\/\/ladovina.me\/wp-content\/uploads\/2023\/08\/image6.jpeg\" class=\"attachment-full size-full\" alt=\"\" \/><\/a><\/figure><\/li><li class=\"cmsms_gallery_item\"><figure><a href=\"https:\/\/ladovina.me\/wp-content\/uploads\/2023\/08\/image5-rotated.jpeg\" rel=\"ilightbox[69e04987297f57_85264929]\"><img loading=\"lazy\" decoding=\"async\" width=\"480\" height=\"640\" src=\"https:\/\/ladovina.me\/wp-content\/uploads\/2023\/08\/image5-rotated.jpeg\" class=\"attachment-full size-full\" alt=\"\" \/><\/a><\/figure><\/li><li class=\"cmsms_gallery_item\"><figure><a href=\"https:\/\/ladovina.me\/wp-content\/uploads\/2023\/08\/image2-rotated.jpeg\" rel=\"ilightbox[69e04987297f57_85264929]\"><img loading=\"lazy\" decoding=\"async\" width=\"480\" height=\"640\" src=\"https:\/\/ladovina.me\/wp-content\/uploads\/2023\/08\/image2-rotated.jpeg\" class=\"attachment-full size-full\" alt=\"\" \/><\/a><\/figure><\/li><\/ul><script type=\"text\/javascript\">\r\n\t\t\t\tjQuery(document).ready(function () {\r\n\t\t\t\t\t(function ($) {\r\n\t\t\t\t\t\tif ($('#cmsms_gallery_69e04987297f57_85264929').find('.cmsms_gallery_item').length == '0') {\r\n\t\t\t\t\t\t\treturn false;\r\n\t\t\t\t\t\t}\r\n\t\t\t\t\t\t\r\n\t\t\t\t\t\t\r\n\t\t\t\t\t\tstartGallery( \r\n\t\t\t\t\t\t\t'69e04987297f57_85264929', \r\n\t\t\t\t\t\t\t'grid', \r\n\t\t\t\t\t\t\t'false', \r\n\t\t\t\t\t\t\t'false' \r\n\t\t\t\t\t\t);\r\n\t\t\t\t\t} )(jQuery);\r\n\t\t\t\t} );\r\n\t\t\t<\/script>\r\n\t\t\t<\/div>\n<\/div>\n<\/div>\n<\/div>\n<\/div>\n<\/div>\n<\/div>\n<div id=\"cmsms_row_69e049872c2f82_27194746\" class=\"cmsms_row cmsms_color_scheme_default\">\n<div class=\"cmsms_row_outer_parent\">\n<div class=\"cmsms_row_outer\">\n<div class=\"cmsms_row_inner\">\n<div class=\"cmsms_row_margin\">\n<div class=\"cmsms_column one_first\">\n<div class=\"cmsms_text\">\n<p style=\"text-align: center;\"><span style=\"font-size: 11pt; line-height: 20pt;\">Welcome to BUTIGA wine &amp; deli, a tasting spot in the center of Kotor where you can taste or buy premium wines and delicacies from Montenegro, the region and the world. choose the best and enjoy the wines with your loved ones, to surprise the one you love or to give as a gift to business partners. We have a wide range of carefully selected wines from Montenegrin boutique wineries to well-known regional and world wines and organic products and delicacies.<\/span><\/p>\n<\/div>\n<\/div>\n<\/div>\n<\/div>\n<\/div>\n<\/div>\n<\/div>\n<div id=\"cmsms_row_69e049872c3fa6_99949848\" class=\"cmsms_row cmsms_color_scheme_default\">\n<div class=\"cmsms_row_outer_parent\">\n<div class=\"cmsms_row_outer\">\n<div class=\"cmsms_row_inner\">\n<div class=\"cmsms_row_margin\">\n<div class=\"cmsms_column one_half\">\n<div class=\"aligncenter\">\n<div class=\"cmsms_img  cmsms_image_c\">\n<img decoding=\"async\" src=\"https:\/\/ladovina.me\/wp-content\/uploads\/2023\/08\/image0.jpeg\" \/>\n<\/div>\n<\/div>\n<\/div>\n<div class=\"cmsms_column one_half\">\n<div class=\"aligncenter\">\n<div class=\"cmsms_img  cmsms_image_c\">\n<img decoding=\"async\" src=\"https:\/\/ladovina.me\/wp-content\/uploads\/2023\/08\/image7-1.jpeg\" \/>\n<\/div>\n<\/div>\n<\/div>\n<\/div>\n<\/div>\n<\/div>\n<\/div>\n<\/div>\n<div id=\"cmsms_row_69e049872d23e7_48847513\" class=\"cmsms_row cmsms_color_scheme_first\">\n<div class=\"cmsms_row_outer_parent\">\n<div class=\"cmsms_row_outer\">\n<div class=\"cmsms_row_inner\">\n<div class=\"cmsms_row_margin\">\n<div class=\"cmsms_column one_first\">\n\n<div id=\"cmsms_heading_69e049872e7644_35407551\" class=\"cmsms_heading_wrap cmsms_heading_align_center\">\n\t<h2 class=\"cmsms_heading\">Kratke informacije<\/h2>\n<\/div>\n<div class=\"cmsms_sidebar sidebar_layout_131313\"><aside id=\"block-9\" class=\"widget widget_block\">\n<div class=\"wp-block-columns is-layout-flex wp-container-core-columns-is-layout-9d6595d7 wp-block-columns-is-layout-flex\">\n<div class=\"wp-block-column is-layout-flow wp-block-column-is-layout-flow\">\n<div class=\"wp-block-group\"><div class=\"wp-block-group__inner-container is-layout-flow wp-block-group-is-layout-flow\">\n\n\n<div class=\"wp-block-group\"><div class=\"wp-block-group__inner-container is-layout-flow wp-block-group-is-layout-flow\"><div class=\"wp-widget-group__inner-blocks\">\n<ul class=\"wp-block-social-links has-visible-labels has-icon-color is-style-logos-only is-vertical is-content-justification-left is-nowrap is-layout-flex wp-container-core-social-links-is-layout-5e962826 wp-block-social-links-is-layout-flex\"><li style=\"color:#ffffff;\" class=\"wp-social-link wp-social-link-instagram has-color-2-color wp-block-social-link\"><a href=\"https:\/\/www.instagram.com\/kotorskaladovina\/?igshid=MzRlODBiNWFlZA%3D%3D\" class=\"wp-block-social-link-anchor\"><svg width=\"24\" height=\"24\" viewBox=\"0 0 24 24\" version=\"1.1\" xmlns=\"http:\/\/www.w3.org\/2000\/svg\" aria-hidden=\"true\" focusable=\"false\"><path d=\"M12,4.622c2.403,0,2.688,0.009,3.637,0.052c0.877,0.04,1.354,0.187,1.671,0.31c0.42,0.163,0.72,0.358,1.035,0.673 c0.315,0.315,0.51,0.615,0.673,1.035c0.123,0.317,0.27,0.794,0.31,1.671c0.043,0.949,0.052,1.234,0.052,3.637 s-0.009,2.688-0.052,3.637c-0.04,0.877-0.187,1.354-0.31,1.671c-0.163,0.42-0.358,0.72-0.673,1.035 c-0.315,0.315-0.615,0.51-1.035,0.673c-0.317,0.123-0.794,0.27-1.671,0.31c-0.949,0.043-1.233,0.052-3.637,0.052 s-2.688-0.009-3.637-0.052c-0.877-0.04-1.354-0.187-1.671-0.31c-0.42-0.163-0.72-0.358-1.035-0.673 c-0.315-0.315-0.51-0.615-0.673-1.035c-0.123-0.317-0.27-0.794-0.31-1.671C4.631,14.688,4.622,14.403,4.622,12 s0.009-2.688,0.052-3.637c0.04-0.877,0.187-1.354,0.31-1.671c0.163-0.42,0.358-0.72,0.673-1.035 c0.315-0.315,0.615-0.51,1.035-0.673c0.317-0.123,0.794-0.27,1.671-0.31C9.312,4.631,9.597,4.622,12,4.622 M12,3 C9.556,3,9.249,3.01,8.289,3.054C7.331,3.098,6.677,3.25,6.105,3.472C5.513,3.702,5.011,4.01,4.511,4.511 c-0.5,0.5-0.808,1.002-1.038,1.594C3.25,6.677,3.098,7.331,3.054,8.289C3.01,9.249,3,9.556,3,12c0,2.444,0.01,2.751,0.054,3.711 c0.044,0.958,0.196,1.612,0.418,2.185c0.23,0.592,0.538,1.094,1.038,1.594c0.5,0.5,1.002,0.808,1.594,1.038 c0.572,0.222,1.227,0.375,2.185,0.418C9.249,20.99,9.556,21,12,21s2.751-0.01,3.711-0.054c0.958-0.044,1.612-0.196,2.185-0.418 c0.592-0.23,1.094-0.538,1.594-1.038c0.5-0.5,0.808-1.002,1.038-1.594c0.222-0.572,0.375-1.227,0.418-2.185 C20.99,14.751,21,14.444,21,12s-0.01-2.751-0.054-3.711c-0.044-0.958-0.196-1.612-0.418-2.185c-0.23-0.592-0.538-1.094-1.038-1.594 c-0.5-0.5-1.002-0.808-1.594-1.038c-0.572-0.222-1.227-0.375-2.185-0.418C14.751,3.01,14.444,3,12,3L12,3z M12,7.378 c-2.552,0-4.622,2.069-4.622,4.622S9.448,16.622,12,16.622s4.622-2.069,4.622-4.622S14.552,7.378,12,7.378z M12,15 c-1.657,0-3-1.343-3-3s1.343-3,3-3s3,1.343,3,3S13.657,15,12,15z M16.804,6.116c-0.596,0-1.08,0.484-1.08,1.08 s0.484,1.08,1.08,1.08c0.596,0,1.08-0.484,1.08-1.08S17.401,6.116,16.804,6.116z\"><\/path><\/svg><span class=\"wp-block-social-link-label\">Instagram<\/span><\/a><\/li>\n\n<li style=\"color:#ffffff;\" class=\"wp-social-link wp-social-link-facebook has-color-2-color wp-block-social-link\"><a href=\"https:\/\/www.facebook.com\/kotorskaladovina?mibextid=ZbWKwL\" class=\"wp-block-social-link-anchor\"><svg width=\"24\" height=\"24\" viewBox=\"0 0 24 24\" version=\"1.1\" xmlns=\"http:\/\/www.w3.org\/2000\/svg\" aria-hidden=\"true\" focusable=\"false\"><path d=\"M12 2C6.5 2 2 6.5 2 12c0 5 3.7 9.1 8.4 9.9v-7H7.9V12h2.5V9.8c0-2.5 1.5-3.9 3.8-3.9 1.1 0 2.2.2 2.2.2v2.5h-1.3c-1.2 0-1.6.8-1.6 1.6V12h2.8l-.4 2.9h-2.3v7C18.3 21.1 22 17 22 12c0-5.5-4.5-10-10-10z\"><\/path><\/svg><span class=\"wp-block-social-link-label\">Facebook<\/span><\/a><\/li><\/ul>\n<\/div><\/div><\/div>\n<\/div><\/div>\n<\/div>\n<\/div>\n<\/aside><aside id=\"text-7\" class=\"widget widget_text\"><h3 class=\"widgettitle\">Radno vrijeme<\/h3>\t\t\t<div class=\"textwidget\"><ul style=\"padding: 0; overflow: hidden; font-weight: 500;\">\n <li><span>Ponedeljak<\/span><span style=\"float: right; font-weight: 300;\">8:00 AM - 11:00 PM<\/span><\/li>\n <li><span>Utorak<\/span><span style=\"float: right; font-weight: 300;\">8:00 AM - 11:00 PM<\/span><\/li>\n <li><span>Srijeda<\/span><span style=\"float: right; font-weight: 300;\">8:00 AM - 11:00 PM<\/span><\/li>\n <li><span>\u010cetvrtak<\/span><span style=\"float: right; font-weight: 300;\">8:00 AM - 11:00 PM<\/span><\/li>\n <li><span>Petak<\/span><span style=\"float: right; font-weight: 300;\">8:00 AM - 11:00 PM<\/span><\/li>\n <li><span>Subota<\/span><span style=\"float: right; text-transform: uppercase; font-weight: 300;\">8:00 AM - 11:00 PM<\/span><\/li>\n<li><span>Nedelja<\/span><span style=\"float: right; text-transform: uppercase; font-weight: 300;\">8:00 AM - 11:00 PM<\/span><\/li>\n\n<\/ul><\/div>\n\t\t<\/aside><aside id=\"nav_menu-2\" class=\"widget widget_nav_menu\"><h3 class=\"widgettitle\">Navigacija<\/h3><div class=\"menu-primary-navigation-container\"><ul id=\"menu-primary-navigation\" class=\"menu\"><li id=\"menu-item-12370\" class=\"menu-item menu-item-type-post_type menu-item-object-page menu-item-home menu-item-12370\"><a href=\"https:\/\/ladovina.me\/\">Po\u010detna<\/a><\/li>\n<li id=\"menu-item-13100\" class=\"menu-item menu-item-type-post_type menu-item-object-page menu-item-13100\"><a href=\"https:\/\/ladovina.me\/index.php\/usluge\/\">Usluge<\/a><\/li>\n<li id=\"menu-item-13338\" class=\"menu-item menu-item-type-post_type menu-item-object-page menu-item-13338\"><a href=\"https:\/\/ladovina.me\/index.php\/rezervacije\/\">Rezervacije<\/a><\/li>\n<li id=\"menu-item-13089\" class=\"menu-item menu-item-type-post_type menu-item-object-page menu-item-13089\"><a href=\"https:\/\/ladovina.me\/index.php\/menu\/\">Menu<\/a><\/li>\n<li id=\"menu-item-13556\" class=\"menu-item menu-item-type-post_type menu-item-object-page menu-item-13556\"><a href=\"https:\/\/ladovina.me\/index.php\/butiga-wine-deli\/\">BUTIGA wine &#038; deli<\/a><\/li>\n<li id=\"menu-item-12367\" class=\"menu-item menu-item-type-post_type menu-item-object-page menu-item-12367\"><a href=\"https:\/\/ladovina.me\/index.php\/o-nama\/\">O nama<\/a><\/li>\n<li id=\"menu-item-12366\" class=\"menu-item menu-item-type-post_type menu-item-object-page menu-item-12366\"><a href=\"https:\/\/ladovina.me\/index.php\/kontakt\/\">Kontakt<\/a><\/li>\n<\/ul><\/div><\/aside><div class=\"cl\"><\/div>\n<\/div>\n<\/div>\n<\/div>\n<\/div>\n<\/div>\n<\/div>\n<\/div>\n\n","protected":false},"excerpt":{"rendered":"","protected":false},"author":1,"featured_media":0,"parent":0,"menu_order":0,"comment_status":"closed","ping_status":"closed","template":"","meta":{"footnotes":""},"class_list":["post-13545","page","type-page","status-publish","hentry"],"yoast_head":"<!-- This site is optimized with the Yoast SEO plugin v21.4 - https:\/\/yoast.com\/wordpress\/plugins\/seo\/ -->\n<title>BUTIGA wine &amp; deli - Restoran Ladovina<\/title>\n<meta name=\"robots\" content=\"index, follow, max-snippet:-1, max-image-preview:large, max-video-preview:-1\" \/>\n<link rel=\"canonical\" href=\"https:\/\/ladovina.me\/index.php\/butiga-wine-deli\/\" \/>\n<meta property=\"og:locale\" content=\"en_US\" \/>\n<meta property=\"og:type\" content=\"article\" \/>\n<meta property=\"og:title\" content=\"BUTIGA wine &amp; deli - Restoran Ladovina\" \/>\n<meta property=\"og:url\" content=\"https:\/\/ladovina.me\/index.php\/butiga-wine-deli\/\" \/>\n<meta property=\"og:site_name\" content=\"Restoran Ladovina\" \/>\n<meta property=\"article:modified_time\" content=\"2023-08-15T18:26:53+00:00\" \/>\n<meta name=\"twitter:card\" content=\"summary_large_image\" \/>\n<meta name=\"twitter:label1\" content=\"Est. reading time\" \/>\n\t<meta name=\"twitter:data1\" content=\"2 minutes\" \/>\n<script type=\"application\/ld+json\" class=\"yoast-schema-graph\">{\"@context\":\"https:\/\/schema.org\",\"@graph\":[{\"@type\":\"WebPage\",\"@id\":\"https:\/\/ladovina.me\/index.php\/butiga-wine-deli\/\",\"url\":\"https:\/\/ladovina.me\/index.php\/butiga-wine-deli\/\",\"name\":\"BUTIGA wine & deli - Restoran Ladovina\",\"isPartOf\":{\"@id\":\"https:\/\/ladovina.me\/#website\"},\"datePublished\":\"2023-08-14T08:37:31+00:00\",\"dateModified\":\"2023-08-15T18:26:53+00:00\",\"breadcrumb\":{\"@id\":\"https:\/\/ladovina.me\/index.php\/butiga-wine-deli\/#breadcrumb\"},\"inLanguage\":\"en-US\",\"potentialAction\":[{\"@type\":\"ReadAction\",\"target\":[\"https:\/\/ladovina.me\/index.php\/butiga-wine-deli\/\"]}]},{\"@type\":\"BreadcrumbList\",\"@id\":\"https:\/\/ladovina.me\/index.php\/butiga-wine-deli\/#breadcrumb\",\"itemListElement\":[{\"@type\":\"ListItem\",\"position\":1,\"name\":\"Home\",\"item\":\"https:\/\/ladovina.me\/\"},{\"@type\":\"ListItem\",\"position\":2,\"name\":\"BUTIGA wine &#038; deli\"}]},{\"@type\":\"WebSite\",\"@id\":\"https:\/\/ladovina.me\/#website\",\"url\":\"https:\/\/ladovina.me\/\",\"name\":\"Restoran Ladovina\",\"description\":\"Restoran Ladovina\",\"potentialAction\":[{\"@type\":\"SearchAction\",\"target\":{\"@type\":\"EntryPoint\",\"urlTemplate\":\"https:\/\/ladovina.me\/?s={search_term_string}\"},\"query-input\":\"required name=search_term_string\"}],\"inLanguage\":\"en-US\"}]}<\/script>\n<!-- \/ Yoast SEO plugin. -->","yoast_head_json":{"title":"BUTIGA wine & deli - Restoran Ladovina","robots":{"index":"index","follow":"follow","max-snippet":"max-snippet:-1","max-image-preview":"max-image-preview:large","max-video-preview":"max-video-preview:-1"},"canonical":"https:\/\/ladovina.me\/index.php\/butiga-wine-deli\/","og_locale":"en_US","og_type":"article","og_title":"BUTIGA wine & deli - Restoran Ladovina","og_url":"https:\/\/ladovina.me\/index.php\/butiga-wine-deli\/","og_site_name":"Restoran Ladovina","article_modified_time":"2023-08-15T18:26:53+00:00","twitter_card":"summary_large_image","twitter_misc":{"Est. reading time":"2 minutes"},"schema":{"@context":"https:\/\/schema.org","@graph":[{"@type":"WebPage","@id":"https:\/\/ladovina.me\/index.php\/butiga-wine-deli\/","url":"https:\/\/ladovina.me\/index.php\/butiga-wine-deli\/","name":"BUTIGA wine & deli - Restoran Ladovina","isPartOf":{"@id":"https:\/\/ladovina.me\/#website"},"datePublished":"2023-08-14T08:37:31+00:00","dateModified":"2023-08-15T18:26:53+00:00","breadcrumb":{"@id":"https:\/\/ladovina.me\/index.php\/butiga-wine-deli\/#breadcrumb"},"inLanguage":"en-US","potentialAction":[{"@type":"ReadAction","target":["https:\/\/ladovina.me\/index.php\/butiga-wine-deli\/"]}]},{"@type":"BreadcrumbList","@id":"https:\/\/ladovina.me\/index.php\/butiga-wine-deli\/#breadcrumb","itemListElement":[{"@type":"ListItem","position":1,"name":"Home","item":"https:\/\/ladovina.me\/"},{"@type":"ListItem","position":2,"name":"BUTIGA wine &#038; deli"}]},{"@type":"WebSite","@id":"https:\/\/ladovina.me\/#website","url":"https:\/\/ladovina.me\/","name":"Restoran Ladovina","description":"Restoran Ladovina","potentialAction":[{"@type":"SearchAction","target":{"@type":"EntryPoint","urlTemplate":"https:\/\/ladovina.me\/?s={search_term_string}"},"query-input":"required name=search_term_string"}],"inLanguage":"en-US"}]}},"_links":{"self":[{"href":"https:\/\/ladovina.me\/index.php\/wp-json\/wp\/v2\/pages\/13545","targetHints":{"allow":["GET"]}}],"collection":[{"href":"https:\/\/ladovina.me\/index.php\/wp-json\/wp\/v2\/pages"}],"about":[{"href":"https:\/\/ladovina.me\/index.php\/wp-json\/wp\/v2\/types\/page"}],"author":[{"embeddable":true,"href":"https:\/\/ladovina.me\/index.php\/wp-json\/wp\/v2\/users\/1"}],"replies":[{"embeddable":true,"href":"https:\/\/ladovina.me\/index.php\/wp-json\/wp\/v2\/comments?post=13545"}],"version-history":[{"count":20,"href":"https:\/\/ladovina.me\/index.php\/wp-json\/wp\/v2\/pages\/13545\/revisions"}],"predecessor-version":[{"id":13583,"href":"https:\/\/ladovina.me\/index.php\/wp-json\/wp\/v2\/pages\/13545\/revisions\/13583"}],"wp:attachment":[{"href":"https:\/\/ladovina.me\/index.php\/wp-json\/wp\/v2\/media?parent=13545"}],"curies":[{"name":"wp","href":"https:\/\/api.w.org\/{rel}","templated":true}]}}