{"id":6324,"date":"2012-04-14T11:50:08","date_gmt":"2012-04-14T11:50:08","guid":{"rendered":"http:\/\/montmartre.cmsmasters.net\/?page_id=6324"},"modified":"2023-08-14T08:55:52","modified_gmt":"2023-08-14T08:55:52","slug":"o-nama","status":"publish","type":"page","link":"https:\/\/ladovina.me\/index.php\/o-nama\/","title":{"rendered":"O nama"},"content":{"rendered":"<style type=\"text\/css\"> \n#cmsms_row_69e04996434195_22080001 .cmsms_row_outer_parent { \n\tpadding-bottom: 90px; \n} \n\n \n#cmsms_row_69e0499643e820_66872411 .cmsms_row_outer_parent { \n\tpadding-bottom: 80px; \n} \n\n \n#cmsms_row_69e04996453293_28593261 { \n\tbackground-color:#1f2531;\n} \n\n#cmsms_row_69e04996453293_28593261 .cmsms_row_outer_parent { \n\tpadding-top: 80px; \n} \n\n#cmsms_row_69e04996453293_28593261 .cmsms_row_outer_parent { \n\tpadding-bottom: 90px; \n} \n\n \n#cmsms_heading_69e04996454cc5_18397576 { \n\ttext-align:center; \n\tmargin-top:70px; \n\tmargin-bottom:0px; \n} \n\n#cmsms_heading_69e04996454cc5_18397576 .cmsms_heading { \n\ttext-align:center; \n} \n\n#cmsms_heading_69e04996454cc5_18397576 .cmsms_heading, #cmsms_heading_69e04996454cc5_18397576 .cmsms_heading a { \n\tfont-family:'Droid Serif'; \n\tfont-size:80px; \n\tline-height:80px; \n\tfont-weight:normal; \n\tfont-style:normal; \n\tcolor:#ffffff;\n} \n\n#cmsms_heading_69e04996454cc5_18397576 .cmsms_heading_divider { \n} \n\n@media (max-width: 767px) {\n\n#cmsms_heading_69e04996454cc5_18397576 .cmsms_heading, #cmsms_heading_69e04996454cc5_18397576 .cmsms_heading a { \n\tfont-size:80px; \n\tline-height:84px; \n} \n\n} \n\n \n#cmsms_divider_69e04996454f48_80852134 { \n\tborder-bottom-width:2px; \n\tborder-bottom-style:solid; \n\tpadding-top:50px; \n\tmargin-bottom:50px; \n} \n  \n#cmsms_row_69e04996455c64_54214050 { \n\tbackground-color:#a8cbab;\n} \n\n#cmsms_row_69e04996455c64_54214050 .cmsms_row_outer_parent { \n\tpadding-top: 20px; \n} \n\n#cmsms_row_69e04996455c64_54214050 .cmsms_row_outer_parent { \n\tpadding-bottom: 70px; \n} \n\n \n#cmsms_heading_69e04996456e94_10420081 { \n\ttext-align:center; \n\tmargin-top:60px; \n\tmargin-bottom:20px; \n} \n\n#cmsms_heading_69e04996456e94_10420081 .cmsms_heading { \n\ttext-align:center; \n} \n\n#cmsms_heading_69e04996456e94_10420081 .cmsms_heading, #cmsms_heading_69e04996456e94_10420081 .cmsms_heading a { \n\tfont-family:'Droid Serif'; \n\tfont-size:80px; \n\tline-height:80px; \n\tfont-weight:normal; \n\tfont-style:normal; \n\tcolor:#ffffff;\n} \n\n#cmsms_heading_69e04996456e94_10420081 .cmsms_heading_divider { \n} \n\n@media (max-width: 767px) {\n\n#cmsms_heading_69e04996456e94_10420081 .cmsms_heading, #cmsms_heading_69e04996456e94_10420081 .cmsms_heading a { \n\tfont-size:80px; \n\tline-height:84px; \n} \n\n} \n\n<\/style><div id=\"cmsms_row_69e04996434195_22080001\" class=\"cmsms_row cmsms_color_scheme_default\">\n<div class=\"cmsms_row_outer_parent\">\n<div class=\"cmsms_row_outer\">\n<div class=\"cmsms_row_inner\">\n<div class=\"cmsms_row_margin\">\n<div class=\"cmsms_column one_first\">\n<div class=\"cmsms_img  cmsms_image_n\">\n<img decoding=\"async\" src=\"https:\/\/ladovina.me\/wp-content\/uploads\/2022\/10\/ladovina-logo_transparent-300x198.png\" \/>\n<\/div>\n<div class=\"aligncenter\">\n<div class=\"cmsms_img  cmsms_image_c\">\n<img decoding=\"async\" src=\"https:\/\/ladovina.me\/wp-content\/uploads\/2015\/04\/ornament-1.jpg\" \/>\n<\/div>\n<\/div>\n<\/div>\n<div class=\"cmsms_column one_first\">\n<\/div>\n<\/div>\n<\/div>\n<\/div>\n<\/div>\n<\/div>\n<div id=\"cmsms_row_69e0499643e820_66872411\" class=\"cmsms_row cmsms_color_scheme_default\">\n<div class=\"cmsms_row_outer_parent\">\n<div class=\"cmsms_row_outer\">\n<div class=\"cmsms_row_inner\">\n<div class=\"cmsms_row_margin\">\n<div class=\"cmsms_column one_half\">\n<div class=\"cmsms_text\">\n<p style=\"text-align: center;\"><span style=\"font-size: 11pt; line-height: 20pt;\"><b>Dobrodo\u0161li u restoran Ladovina,<\/b> mjesto gdje se tradicija, kvalitet i ljubav prema gastronomiji spajaju kako bismo vam pru\u017eili jedinstveno iskustvo u\u017eivanja u hrani. Smje\u0161teni u prelepom gradu Kotoru, ponosno pri\u010damo svoju pri\u010du o ukusima i zadovoljstvu. Na\u0161a pri\u010da po\u010dinje sa stra\u0161\u0107u za gastronomiju koju dijelimo s na\u0161im posjetiocima. Odlu\u010dili smo da stvorimo prostor gde se tradicionalna kuhinja i vrhunski sastojci spajaju s modernim i kreativnim pristupom. Svaki detalj na\u0161eg menija je pa\u017eljivo osmi\u0161ljen kako bismo vas odu\u0161evili i zadovoljili sva va\u0161a \u010dula. Na\u0161a ekipa vrhunskih kulinarskih stru\u010dnjaka i ljubaznih osoblja stoji vam na raspolaganju, spremna da vas upozna s na\u0161om kuhinjom i omogu\u0107i nezaboravno iskustvo. Svaki tanjir koji izlazi iz na\u0161e kuhinje predstavlja umjetnost u sebi, sastavljen od najkvalitetnijih sastojaka i savr\u0161eno uklopljenih ukusa. Restoran Ladovina je mjesto gde se susre\u0107u lokalni specijaliteti i internacionalna kuhinja. Na\u0161a vinska karta nudi \u0161irok izbor vina kako lokalnih tako i svjetskih vinarija, upotpunjuju\u0107i va\u0161e gastronomsko putovanje i stvaraju\u0107i savr\u0161ene kombinacije sa jelima.<\/span><\/p>\n<\/div>\n<\/div>\n<div class=\"cmsms_column one_half\">\n<div class=\"content_slider_wrap\" style=\"max-width:580px;\">\n<script type=\"text\/javascript\">jQuery(document).ready(function () { jQuery(\"#cmsms_slider_69e049964400e9_69744075.content_slider\").owlCarousel( { singleItem : true, transitionStyle: false, rewindSpeed : 1000, slideSpeed : 600, autoHeight : true, paginationSpeed : \t600, autoPlay : 7000,stopOnHover: true, navigationText : \t[ \"<span class=\\\"cmsms_prev_arrow\\\"><span><\/span><\/span>\", \"<span class=\\\"cmsms_next_arrow\\\"><span><\/span><\/span>\" ] } );} );<\/script>\n<div id=\"cmsms_slider_69e049964400e9_69744075\" class=\"content_slider cmsms_owl_slider owl-carousel\">\n<div class=\"item\"><img loading=\"lazy\" decoding=\"async\" width=\"580\" height=\"400\" src=\"https:\/\/ladovina.me\/wp-content\/uploads\/2023\/06\/o-nama-restoran-ladovina1-580x400.jpg\" class=\"attachment-project-thumb size-project-thumb\" alt=\"\" \/><\/div><div class=\"item\"><img loading=\"lazy\" decoding=\"async\" width=\"580\" height=\"400\" src=\"https:\/\/ladovina.me\/wp-content\/uploads\/2023\/06\/o-nama-restoran-ladovina2-580x400.jpg\" class=\"attachment-project-thumb size-project-thumb\" alt=\"\" \/><\/div><div class=\"item\"><img loading=\"lazy\" decoding=\"async\" width=\"580\" height=\"400\" src=\"https:\/\/ladovina.me\/wp-content\/uploads\/2023\/06\/o-nama-restoran-ladovina3-580x400.jpg\" class=\"attachment-project-thumb size-project-thumb\" alt=\"\" \/><\/div><div class=\"item\"><img loading=\"lazy\" decoding=\"async\" width=\"580\" height=\"400\" src=\"https:\/\/ladovina.me\/wp-content\/uploads\/2023\/06\/o-nama-restoran-ladovina4-580x400.jpg\" class=\"attachment-project-thumb size-project-thumb\" alt=\"\" \/><\/div><div class=\"item\"><img loading=\"lazy\" decoding=\"async\" width=\"580\" height=\"400\" src=\"https:\/\/ladovina.me\/wp-content\/uploads\/2023\/06\/o-nama-restoran-ladovina5-580x400.jpg\" class=\"attachment-project-thumb size-project-thumb\" alt=\"\" \/><\/div><div class=\"item\"><img loading=\"lazy\" decoding=\"async\" width=\"580\" height=\"400\" src=\"https:\/\/ladovina.me\/wp-content\/uploads\/2023\/06\/o-nama-restoran-ladovina6-580x400.jpg\" class=\"attachment-project-thumb size-project-thumb\" alt=\"\" \/><\/div><\/div>\n<\/div>\n<\/div>\n<\/div>\n<\/div>\n<\/div>\n<\/div>\n<\/div>\n<div id=\"cmsms_row_69e04996453293_28593261\" class=\"cmsms_row cmsms_color_scheme_fourth\">\n<div class=\"cmsms_row_outer_parent\">\n<div class=\"cmsms_row_outer\">\n<div class=\"cmsms_row_inner\">\n<div class=\"cmsms_row_margin\">\n<div class=\"cmsms_column one_first\">\n\n<div id=\"cmsms_heading_69e04996454cc5_18397576\" class=\"cmsms_heading_wrap cmsms_heading_align_center\">\n\t<h2 class=\"cmsms_heading\">Zanimljivosti<\/h2>\n<\/div>\n\n<div id=\"cmsms_divider_69e04996454f48_80852134\" class=\"cmsms_divider cmsms_divider_width_long cmsms_divider_pos_center\"><\/div>\n \n<div class=\"cmsms_stats stats_mode_circles stats_type_horizontal\"><div class=\"cmsms_stat_wrap one_fourth\">\n<div id=\"cmsms_stat_69e049964555e9_46087615\" class=\"cmsms_stat stat_has_titleicon\" data-percent=\"74\" data-bar-color=\"#bac6aa\">\n<div class=\"cmsms_stat_inner cmsms-icon-food-1\">\n<span class=\"cmsms_stat_counter_wrap\">\n<span class=\"cmsms_stat_counter\">0<\/span><span class=\"cmsms_stat_units\">%<\/span>\n<\/span>\n<span class=\"cmsms_stat_title\">Italijanska hrana<\/span>\n<\/div>\n<\/div>\n<\/div><div class=\"cmsms_stat_wrap one_fourth\">\n<div id=\"cmsms_stat_69e04996455733_14689213\" class=\"cmsms_stat stat_has_titleicon\" data-percent=\"63\" data-bar-color=\"#bac6aa\">\n<div class=\"cmsms_stat_inner cmsms-icon-food-1\">\n<span class=\"cmsms_stat_counter_wrap\">\n<span class=\"cmsms_stat_counter\">0<\/span><span class=\"cmsms_stat_units\">%<\/span>\n<\/span>\n<span class=\"cmsms_stat_title\">Mediteranska kuhinja<\/span>\n<\/div>\n<\/div>\n<\/div><div class=\"cmsms_stat_wrap one_fourth\">\n<div id=\"cmsms_stat_69e04996455826_47561208\" class=\"cmsms_stat stat_has_titleicon\" data-percent=\"93\" data-bar-color=\"#bac6aa\">\n<div class=\"cmsms_stat_inner cmsms-icon-food-1\">\n<span class=\"cmsms_stat_counter_wrap\">\n<span class=\"cmsms_stat_counter\">0<\/span><span class=\"cmsms_stat_units\">%<\/span>\n<\/span>\n<span class=\"cmsms_stat_title\">Organska hrana<\/span>\n<\/div>\n<\/div>\n<\/div><div class=\"cmsms_stat_wrap one_fourth\">\n<div id=\"cmsms_stat_69e04996455913_72483954\" class=\"cmsms_stat stat_has_titleicon\" data-percent=\"100\" data-bar-color=\"#bac6aa\">\n<div class=\"cmsms_stat_inner cmsms-icon-user-famale\">\n<span class=\"cmsms_stat_counter_wrap\">\n<span class=\"cmsms_stat_counter\">0<\/span><span class=\"cmsms_stat_units\">%<\/span>\n<\/span>\n<span class=\"cmsms_stat_title\">Zadovoljni posjetioci<\/span>\n<\/div>\n<\/div>\n<\/div><\/div>\n<\/div>\n<\/div>\n<\/div>\n<\/div>\n<\/div>\n<\/div>\n<div id=\"cmsms_row_69e04996455c64_54214050\" class=\"cmsms_row cmsms_color_scheme_first\">\n<div class=\"cmsms_row_outer_parent\">\n<div class=\"cmsms_row_outer\">\n<div class=\"cmsms_row_inner\">\n<div class=\"cmsms_row_margin\">\n<div class=\"cmsms_column one_first\">\n\n<div id=\"cmsms_heading_69e04996456e94_10420081\" class=\"cmsms_heading_wrap cmsms_heading_align_center\">\n\t<h2 class=\"cmsms_heading\">Kratke informacije<\/h2>\n<\/div>\n<div class=\"cmsms_sidebar sidebar_layout_131313\"><aside id=\"block-9\" class=\"widget widget_block\">\n<div class=\"wp-block-columns is-layout-flex wp-container-core-columns-is-layout-9d6595d7 wp-block-columns-is-layout-flex\">\n<div class=\"wp-block-column is-layout-flow wp-block-column-is-layout-flow\">\n<div class=\"wp-block-group\"><div class=\"wp-block-group__inner-container is-layout-flow wp-block-group-is-layout-flow\">\n\n\n<div class=\"wp-block-group\"><div class=\"wp-block-group__inner-container is-layout-flow wp-block-group-is-layout-flow\"><div class=\"wp-widget-group__inner-blocks\">\n<ul class=\"wp-block-social-links has-visible-labels has-icon-color is-style-logos-only is-vertical is-content-justification-left is-nowrap is-layout-flex wp-container-core-social-links-is-layout-5e962826 wp-block-social-links-is-layout-flex\"><li style=\"color:#ffffff;\" class=\"wp-social-link wp-social-link-instagram has-color-2-color wp-block-social-link\"><a href=\"https:\/\/www.instagram.com\/kotorskaladovina\/?igshid=MzRlODBiNWFlZA%3D%3D\" class=\"wp-block-social-link-anchor\"><svg width=\"24\" height=\"24\" viewBox=\"0 0 24 24\" version=\"1.1\" xmlns=\"http:\/\/www.w3.org\/2000\/svg\" aria-hidden=\"true\" focusable=\"false\"><path d=\"M12,4.622c2.403,0,2.688,0.009,3.637,0.052c0.877,0.04,1.354,0.187,1.671,0.31c0.42,0.163,0.72,0.358,1.035,0.673 c0.315,0.315,0.51,0.615,0.673,1.035c0.123,0.317,0.27,0.794,0.31,1.671c0.043,0.949,0.052,1.234,0.052,3.637 s-0.009,2.688-0.052,3.637c-0.04,0.877-0.187,1.354-0.31,1.671c-0.163,0.42-0.358,0.72-0.673,1.035 c-0.315,0.315-0.615,0.51-1.035,0.673c-0.317,0.123-0.794,0.27-1.671,0.31c-0.949,0.043-1.233,0.052-3.637,0.052 s-2.688-0.009-3.637-0.052c-0.877-0.04-1.354-0.187-1.671-0.31c-0.42-0.163-0.72-0.358-1.035-0.673 c-0.315-0.315-0.51-0.615-0.673-1.035c-0.123-0.317-0.27-0.794-0.31-1.671C4.631,14.688,4.622,14.403,4.622,12 s0.009-2.688,0.052-3.637c0.04-0.877,0.187-1.354,0.31-1.671c0.163-0.42,0.358-0.72,0.673-1.035 c0.315-0.315,0.615-0.51,1.035-0.673c0.317-0.123,0.794-0.27,1.671-0.31C9.312,4.631,9.597,4.622,12,4.622 M12,3 C9.556,3,9.249,3.01,8.289,3.054C7.331,3.098,6.677,3.25,6.105,3.472C5.513,3.702,5.011,4.01,4.511,4.511 c-0.5,0.5-0.808,1.002-1.038,1.594C3.25,6.677,3.098,7.331,3.054,8.289C3.01,9.249,3,9.556,3,12c0,2.444,0.01,2.751,0.054,3.711 c0.044,0.958,0.196,1.612,0.418,2.185c0.23,0.592,0.538,1.094,1.038,1.594c0.5,0.5,1.002,0.808,1.594,1.038 c0.572,0.222,1.227,0.375,2.185,0.418C9.249,20.99,9.556,21,12,21s2.751-0.01,3.711-0.054c0.958-0.044,1.612-0.196,2.185-0.418 c0.592-0.23,1.094-0.538,1.594-1.038c0.5-0.5,0.808-1.002,1.038-1.594c0.222-0.572,0.375-1.227,0.418-2.185 C20.99,14.751,21,14.444,21,12s-0.01-2.751-0.054-3.711c-0.044-0.958-0.196-1.612-0.418-2.185c-0.23-0.592-0.538-1.094-1.038-1.594 c-0.5-0.5-1.002-0.808-1.594-1.038c-0.572-0.222-1.227-0.375-2.185-0.418C14.751,3.01,14.444,3,12,3L12,3z M12,7.378 c-2.552,0-4.622,2.069-4.622,4.622S9.448,16.622,12,16.622s4.622-2.069,4.622-4.622S14.552,7.378,12,7.378z M12,15 c-1.657,0-3-1.343-3-3s1.343-3,3-3s3,1.343,3,3S13.657,15,12,15z M16.804,6.116c-0.596,0-1.08,0.484-1.08,1.08 s0.484,1.08,1.08,1.08c0.596,0,1.08-0.484,1.08-1.08S17.401,6.116,16.804,6.116z\"><\/path><\/svg><span class=\"wp-block-social-link-label\">Instagram<\/span><\/a><\/li>\n\n<li style=\"color:#ffffff;\" class=\"wp-social-link wp-social-link-facebook has-color-2-color wp-block-social-link\"><a href=\"https:\/\/www.facebook.com\/kotorskaladovina?mibextid=ZbWKwL\" class=\"wp-block-social-link-anchor\"><svg width=\"24\" height=\"24\" viewBox=\"0 0 24 24\" version=\"1.1\" xmlns=\"http:\/\/www.w3.org\/2000\/svg\" aria-hidden=\"true\" focusable=\"false\"><path d=\"M12 2C6.5 2 2 6.5 2 12c0 5 3.7 9.1 8.4 9.9v-7H7.9V12h2.5V9.8c0-2.5 1.5-3.9 3.8-3.9 1.1 0 2.2.2 2.2.2v2.5h-1.3c-1.2 0-1.6.8-1.6 1.6V12h2.8l-.4 2.9h-2.3v7C18.3 21.1 22 17 22 12c0-5.5-4.5-10-10-10z\"><\/path><\/svg><span class=\"wp-block-social-link-label\">Facebook<\/span><\/a><\/li><\/ul>\n<\/div><\/div><\/div>\n<\/div><\/div>\n<\/div>\n<\/div>\n<\/aside><aside id=\"text-7\" class=\"widget widget_text\"><h3 class=\"widgettitle\">Radno vrijeme<\/h3>\t\t\t<div class=\"textwidget\"><ul style=\"padding: 0; overflow: hidden; font-weight: 500;\">\n <li><span>Ponedeljak<\/span><span style=\"float: right; font-weight: 300;\">8:00 AM - 11:00 PM<\/span><\/li>\n <li><span>Utorak<\/span><span style=\"float: right; font-weight: 300;\">8:00 AM - 11:00 PM<\/span><\/li>\n <li><span>Srijeda<\/span><span style=\"float: right; font-weight: 300;\">8:00 AM - 11:00 PM<\/span><\/li>\n <li><span>\u010cetvrtak<\/span><span style=\"float: right; font-weight: 300;\">8:00 AM - 11:00 PM<\/span><\/li>\n <li><span>Petak<\/span><span style=\"float: right; font-weight: 300;\">8:00 AM - 11:00 PM<\/span><\/li>\n <li><span>Subota<\/span><span style=\"float: right; text-transform: uppercase; font-weight: 300;\">8:00 AM - 11:00 PM<\/span><\/li>\n<li><span>Nedelja<\/span><span style=\"float: right; text-transform: uppercase; font-weight: 300;\">8:00 AM - 11:00 PM<\/span><\/li>\n\n<\/ul><\/div>\n\t\t<\/aside><aside id=\"nav_menu-2\" class=\"widget widget_nav_menu\"><h3 class=\"widgettitle\">Navigacija<\/h3><div class=\"menu-primary-navigation-container\"><ul id=\"menu-primary-navigation\" class=\"menu\"><li id=\"menu-item-12370\" class=\"menu-item menu-item-type-post_type menu-item-object-page menu-item-home menu-item-12370\"><a href=\"https:\/\/ladovina.me\/\">Po\u010detna<\/a><\/li>\n<li id=\"menu-item-13100\" class=\"menu-item menu-item-type-post_type menu-item-object-page menu-item-13100\"><a href=\"https:\/\/ladovina.me\/index.php\/usluge\/\">Usluge<\/a><\/li>\n<li id=\"menu-item-13338\" class=\"menu-item menu-item-type-post_type menu-item-object-page menu-item-13338\"><a href=\"https:\/\/ladovina.me\/index.php\/rezervacije\/\">Rezervacije<\/a><\/li>\n<li id=\"menu-item-13089\" class=\"menu-item menu-item-type-post_type menu-item-object-page menu-item-13089\"><a href=\"https:\/\/ladovina.me\/index.php\/menu\/\">Menu<\/a><\/li>\n<li id=\"menu-item-13556\" class=\"menu-item menu-item-type-post_type menu-item-object-page menu-item-13556\"><a href=\"https:\/\/ladovina.me\/index.php\/butiga-wine-deli\/\">BUTIGA wine &#038; deli<\/a><\/li>\n<li id=\"menu-item-12367\" class=\"menu-item menu-item-type-post_type menu-item-object-page menu-item-12367\"><a href=\"https:\/\/ladovina.me\/index.php\/o-nama\/\">O nama<\/a><\/li>\n<li id=\"menu-item-12366\" class=\"menu-item menu-item-type-post_type menu-item-object-page menu-item-12366\"><a href=\"https:\/\/ladovina.me\/index.php\/kontakt\/\">Kontakt<\/a><\/li>\n<\/ul><\/div><\/aside><div class=\"cl\"><\/div>\n<\/div>\n<\/div>\n<\/div>\n<\/div>\n<\/div>\n<\/div>\n<\/div>\n\n","protected":false},"excerpt":{"rendered":"","protected":false},"author":1,"featured_media":0,"parent":0,"menu_order":0,"comment_status":"closed","ping_status":"closed","template":"","meta":{"footnotes":""},"class_list":["post-6324","page","type-page","status-publish","hentry"],"yoast_head":"<!-- This site is optimized with the Yoast SEO plugin v21.4 - https:\/\/yoast.com\/wordpress\/plugins\/seo\/ -->\n<title>O nama - Restoran Ladovina<\/title>\n<meta name=\"robots\" content=\"index, follow, max-snippet:-1, max-image-preview:large, max-video-preview:-1\" \/>\n<link rel=\"canonical\" href=\"https:\/\/ladovina.me\/index.php\/o-nama\/\" \/>\n<meta property=\"og:locale\" content=\"en_US\" \/>\n<meta property=\"og:type\" content=\"article\" \/>\n<meta property=\"og:title\" content=\"O nama - Restoran Ladovina\" \/>\n<meta property=\"og:url\" content=\"https:\/\/ladovina.me\/index.php\/o-nama\/\" \/>\n<meta property=\"og:site_name\" content=\"Restoran Ladovina\" \/>\n<meta property=\"article:modified_time\" content=\"2023-08-14T08:55:52+00:00\" \/>\n<meta name=\"twitter:card\" content=\"summary_large_image\" \/>\n<meta name=\"twitter:label1\" content=\"Est. reading time\" \/>\n\t<meta name=\"twitter:data1\" content=\"2 minutes\" \/>\n<script type=\"application\/ld+json\" class=\"yoast-schema-graph\">{\"@context\":\"https:\/\/schema.org\",\"@graph\":[{\"@type\":\"WebPage\",\"@id\":\"https:\/\/ladovina.me\/index.php\/o-nama\/\",\"url\":\"https:\/\/ladovina.me\/index.php\/o-nama\/\",\"name\":\"O nama - Restoran Ladovina\",\"isPartOf\":{\"@id\":\"https:\/\/ladovina.me\/#website\"},\"datePublished\":\"2012-04-14T11:50:08+00:00\",\"dateModified\":\"2023-08-14T08:55:52+00:00\",\"breadcrumb\":{\"@id\":\"https:\/\/ladovina.me\/index.php\/o-nama\/#breadcrumb\"},\"inLanguage\":\"en-US\",\"potentialAction\":[{\"@type\":\"ReadAction\",\"target\":[\"https:\/\/ladovina.me\/index.php\/o-nama\/\"]}]},{\"@type\":\"BreadcrumbList\",\"@id\":\"https:\/\/ladovina.me\/index.php\/o-nama\/#breadcrumb\",\"itemListElement\":[{\"@type\":\"ListItem\",\"position\":1,\"name\":\"Home\",\"item\":\"https:\/\/ladovina.me\/\"},{\"@type\":\"ListItem\",\"position\":2,\"name\":\"O nama\"}]},{\"@type\":\"WebSite\",\"@id\":\"https:\/\/ladovina.me\/#website\",\"url\":\"https:\/\/ladovina.me\/\",\"name\":\"Restoran Ladovina\",\"description\":\"Restoran Ladovina\",\"potentialAction\":[{\"@type\":\"SearchAction\",\"target\":{\"@type\":\"EntryPoint\",\"urlTemplate\":\"https:\/\/ladovina.me\/?s={search_term_string}\"},\"query-input\":\"required name=search_term_string\"}],\"inLanguage\":\"en-US\"}]}<\/script>\n<!-- \/ Yoast SEO plugin. -->","yoast_head_json":{"title":"O nama - Restoran Ladovina","robots":{"index":"index","follow":"follow","max-snippet":"max-snippet:-1","max-image-preview":"max-image-preview:large","max-video-preview":"max-video-preview:-1"},"canonical":"https:\/\/ladovina.me\/index.php\/o-nama\/","og_locale":"en_US","og_type":"article","og_title":"O nama - Restoran Ladovina","og_url":"https:\/\/ladovina.me\/index.php\/o-nama\/","og_site_name":"Restoran Ladovina","article_modified_time":"2023-08-14T08:55:52+00:00","twitter_card":"summary_large_image","twitter_misc":{"Est. reading time":"2 minutes"},"schema":{"@context":"https:\/\/schema.org","@graph":[{"@type":"WebPage","@id":"https:\/\/ladovina.me\/index.php\/o-nama\/","url":"https:\/\/ladovina.me\/index.php\/o-nama\/","name":"O nama - Restoran Ladovina","isPartOf":{"@id":"https:\/\/ladovina.me\/#website"},"datePublished":"2012-04-14T11:50:08+00:00","dateModified":"2023-08-14T08:55:52+00:00","breadcrumb":{"@id":"https:\/\/ladovina.me\/index.php\/o-nama\/#breadcrumb"},"inLanguage":"en-US","potentialAction":[{"@type":"ReadAction","target":["https:\/\/ladovina.me\/index.php\/o-nama\/"]}]},{"@type":"BreadcrumbList","@id":"https:\/\/ladovina.me\/index.php\/o-nama\/#breadcrumb","itemListElement":[{"@type":"ListItem","position":1,"name":"Home","item":"https:\/\/ladovina.me\/"},{"@type":"ListItem","position":2,"name":"O nama"}]},{"@type":"WebSite","@id":"https:\/\/ladovina.me\/#website","url":"https:\/\/ladovina.me\/","name":"Restoran Ladovina","description":"Restoran Ladovina","potentialAction":[{"@type":"SearchAction","target":{"@type":"EntryPoint","urlTemplate":"https:\/\/ladovina.me\/?s={search_term_string}"},"query-input":"required name=search_term_string"}],"inLanguage":"en-US"}]}},"_links":{"self":[{"href":"https:\/\/ladovina.me\/index.php\/wp-json\/wp\/v2\/pages\/6324","targetHints":{"allow":["GET"]}}],"collection":[{"href":"https:\/\/ladovina.me\/index.php\/wp-json\/wp\/v2\/pages"}],"about":[{"href":"https:\/\/ladovina.me\/index.php\/wp-json\/wp\/v2\/types\/page"}],"author":[{"embeddable":true,"href":"https:\/\/ladovina.me\/index.php\/wp-json\/wp\/v2\/users\/1"}],"replies":[{"embeddable":true,"href":"https:\/\/ladovina.me\/index.php\/wp-json\/wp\/v2\/comments?post=6324"}],"version-history":[{"count":31,"href":"https:\/\/ladovina.me\/index.php\/wp-json\/wp\/v2\/pages\/6324\/revisions"}],"predecessor-version":[{"id":13552,"href":"https:\/\/ladovina.me\/index.php\/wp-json\/wp\/v2\/pages\/6324\/revisions\/13552"}],"wp:attachment":[{"href":"https:\/\/ladovina.me\/index.php\/wp-json\/wp\/v2\/media?parent=6324"}],"curies":[{"name":"wp","href":"https:\/\/api.w.org\/{rel}","templated":true}]}}